{"id":11,"date":"2023-11-02T12:05:48","date_gmt":"2023-11-02T12:05:48","guid":{"rendered":"https:\/\/www.rodviconsulting.de\/?page_id=11"},"modified":"2025-05-16T16:01:04","modified_gmt":"2025-05-16T16:01:04","slug":"uber-uns","status":"publish","type":"page","link":"https:\/\/www.rodviconsulting.de\/?page_id=11","title":{"rendered":"\u00dcber uns"},"content":{"rendered":"\n<p><strong>Individueller Ansatz und Erfahrung in ganz Europa<\/strong><\/p>\n\n\n\n<p>Suchen Sie eine erfahrene Personalagentur mit individuellem Ansatz, die den Arbeitsmarkt versteht, neue Wege geht und gleichzeitig bew\u00e4hrte Prinzipien achtet?<\/p>\n\n\n\n<p><strong>Rodvi Consulting s.r.o.<\/strong>&nbsp;(ehemals Locarno Consulting) bietet seit 2014 professionelle Personaldienstleistungen an. In dieser Zeit haben wir Tausenden Menschen bei der Vermittlung von Arbeitspl\u00e4tzen und Nebenjobs geholfen \u2013 zun\u00e4chst im M\u00e4hrisch-Schlesischen Bezirk.<\/p>\n\n\n\n<p>Im Jahr 2022 wurde Locarno Consulting s.r.o. im Rahmen eines Akquisitionsprogramms von der Unternehmensgruppe&nbsp;<strong>Rodvi<\/strong>&nbsp;\u00fcbernommen und in&nbsp;<strong>Rodvi Consulting s.r.o.<\/strong>&nbsp;umbenannt. Seitdem haben wir unsere T\u00e4tigkeit auf die gesamte&nbsp;<strong>Tschechische Republik, Deutschland, Polen und \u00d6sterreich<\/strong>&nbsp;ausgeweitet.<\/p>\n\n\n\n<hr class=\"wp-block-separator has-alpha-channel-opacity\"\/>\n\n\n\n<h3 class=\"wp-block-heading\"><strong>Was wir f\u00fcr Unternehmen tun<\/strong><\/h3>\n\n\n\n<p>Wir unterst\u00fctzen Firmen bei:<\/p>\n\n\n\n<ul class=\"wp-block-list\">\n<li>der Suche nach qualifizierten Mitarbeitern und Aushilfen<\/li>\n\n\n\n<li>der professionellen Abwicklung der Lohn- und Gehaltsabrechnung<\/li>\n\n\n\n<li>der tempor\u00e4ren Arbeitnehmer\u00fcberlassung<\/li>\n\n\n\n<li>der effektiven Nutzung von Personal-Outsourcing<\/li>\n\n\n\n<li>der Umsetzung von Outplacement-Projekten<\/li>\n<\/ul>\n\n\n\n<hr class=\"wp-block-separator has-alpha-channel-opacity\"\/>\n\n\n\n<h3 class=\"wp-block-heading\"><strong>Was wir f\u00fcr Bewerber tun<\/strong><\/h3>\n\n\n\n<p>Wir helfen Arbeitnehmern und Aushilfskr\u00e4ften, passende Stellenangebote zu finden, die ihren F\u00e4higkeiten entsprechen \u2013 und begleiten sie bei der Weiterentwicklung ihrer Karriere.<\/p>\n\n\n\n<p><strong>Unternehmenswerte<\/strong><br>Zufriedenheit und Effizienz<br>Uns liegt eine perfekt erledigte Arbeit am Herzen<br>Wir achten darauf, dass die Zusammenarbeit mit uns professionell, aber auch angenehm ist<\/p>\n\n\n\n<h3 class=\"wp-block-heading\"><strong>Unsere Unternehmenswerte<\/strong><\/h3>\n\n\n\n<p><strong>Zufriedenheit und Effizienz<\/strong><br>Die Zufriedenheit unserer Kunden und Mitarbeiter steht f\u00fcr uns an erster Stelle \u2013 gemeinsam schaffen wir effektive und nachhaltige L\u00f6sungen.<\/p>\n\n\n\n<p><strong>Engagement f\u00fcr exzellente Arbeit<\/strong><br>Qualit\u00e4t ist f\u00fcr uns kein Zufall. Wir legen gro\u00dfen Wert auf pr\u00e4zise und verantwortungsbewusst ausgef\u00fchrte Arbeit.<\/p>\n\n\n\n<p><strong>Professionalit\u00e4t mit Freude<\/strong><br>Die Zusammenarbeit mit uns ist nicht nur professionell, sondern soll auch Freude machen \u2013 denn nur mit positiver Energie entstehen starke Ergebnisse.<\/p>\n","protected":false},"excerpt":{"rendered":"<p>Individueller Ansatz und Erfahrung in ganz Europa Suchen Sie eine erfahrene Personalagentur mit individuellem Ansatz, die den Arbeitsmarkt versteht, neue Wege geht und gleichzeitig bew\u00e4hrte Prinzipien achtet? Rodvi Consulting s.r.o.&nbsp;(ehemals Locarno Consulting) bietet seit 2014 professionelle Personaldienstleistungen an. In dieser Zeit haben wir Tausenden Menschen bei der Vermittlung von Arbeitspl\u00e4tzen und Nebenjobs geholfen \u2013 zun\u00e4chst [&hellip;]<\/p>\n","protected":false},"author":1,"featured_media":0,"parent":0,"menu_order":0,"comment_status":"closed","ping_status":"closed","template":"","meta":{"footnotes":""},"class_list":["post-11","page","type-page","status-publish","hentry"],"_links":{"self":[{"href":"https:\/\/www.rodviconsulting.de\/index.php?rest_route=\/wp\/v2\/pages\/11","targetHints":{"allow":["GET"]}}],"collection":[{"href":"https:\/\/www.rodviconsulting.de\/index.php?rest_route=\/wp\/v2\/pages"}],"about":[{"href":"https:\/\/www.rodviconsulting.de\/index.php?rest_route=\/wp\/v2\/types\/page"}],"author":[{"embeddable":true,"href":"https:\/\/www.rodviconsulting.de\/index.php?rest_route=\/wp\/v2\/users\/1"}],"replies":[{"embeddable":true,"href":"https:\/\/www.rodviconsulting.de\/index.php?rest_route=%2Fwp%2Fv2%2Fcomments&post=11"}],"version-history":[{"count":4,"href":"https:\/\/www.rodviconsulting.de\/index.php?rest_route=\/wp\/v2\/pages\/11\/revisions"}],"predecessor-version":[{"id":107,"href":"https:\/\/www.rodviconsulting.de\/index.php?rest_route=\/wp\/v2\/pages\/11\/revisions\/107"}],"wp:attachment":[{"href":"https:\/\/www.rodviconsulting.de\/index.php?rest_route=%2Fwp%2Fv2%2Fmedia&parent=11"}],"curies":[{"name":"wp","href":"https:\/\/api.w.org\/{rel}","templated":true}]}}